{"id":286,"date":"2025-08-27T09:15:21","date_gmt":"2025-08-27T07:15:21","guid":{"rendered":"https:\/\/aurolla.pmdev.hu\/?post_type=product&#038;p=286"},"modified":"2025-09-04T12:53:01","modified_gmt":"2025-09-04T10:53:01","slug":"konyhai-polc-nagy","status":"publish","type":"product","link":"https:\/\/aurolla.pmdev.hu\/de\/termek\/kuchenregal-large\/","title":{"rendered":"K\u00fcchenregal (Large)"},"content":{"rendered":"<p><\/p>\n<p data-start=\"201\" data-end=\"227\"><strong data-start=\"201\" data-end=\"225\">My Kitchen Wandregal<\/strong><\/p>\n<p data-start=\"229\" data-end=\"402\">Kochen ist heute Leidenschaft und bringt Familie und Freunde zusammen. Genau hier setzt <strong data-start=\"317\" data-end=\"331\">My Kitchen<\/strong> an: ein K\u00fcchenregal, das \u00c4sthetik, Farbe und Funktionalit\u00e4t vereint.<\/p>\n<p data-start=\"404\" data-end=\"552\">Kr\u00e4uter und Zubeh\u00f6r liegen auf der Ablage, Messer sind dank Magnetfunktion stets griffbereit aufgeh\u00e4ngt, Kochl\u00f6ffel und Utensilien bequem fixiert.<\/p>\n<p data-start=\"554\" data-end=\"731\">Pr\u00e4zise gefertigt aus pulverbeschichtetem Stahl mit wei\u00dfen Relief-Buchstaben und Edelstahlstangen, ist es praktisch und zugleich ein Designobjekt, auf das man stolz sein darf.<\/p>\n<p data-start=\"733\" data-end=\"925\">Die Oberfl\u00e4che ist pulverbeschichtet und in <strong data-start=\"777\" data-end=\"800\">11 Lifestyle-Farben<\/strong> erh\u00e4ltlich. Die Montage erfolgt einfach \u00fcber die Wand \u2013 Schrauben, D\u00fcbel und Bohrschablone sind im Lieferumfang enthalten.<\/p>\n<p data-start=\"927\" data-end=\"1170\">Als Teil der <strong data-start=\"940\" data-end=\"965\">Cosycanusa Kollektion<\/strong> l\u00e4sst sich My Kitchen mit anderen Regalen kombinieren und passt dank der Farbvielfalt Ton in Ton oder kontrastierend in jede K\u00fcche \u2013 und macht sie zum Ort, an dem Design und Geselligkeit zusammenfinden.<\/p>\n<p><\/p>","protected":false},"excerpt":{"rendered":"<p>My Kitchen Wandregal Kochen ist heute Leidenschaft und bringt Familie und Freunde zusammen. Genau hier setzt My Kitchen an: ein K\u00fcchenregal, das \u00c4sthetik, Farbe und Funktionalit\u00e4t vereint. Kr\u00e4uter und Zubeh\u00f6r liegen auf der Ablage, Messer sind dank Magnetfunktion stets griffbereit aufgeh\u00e4ngt, Kochl\u00f6ffel und Utensilien bequem fixiert. Pr\u00e4zise gefertigt aus pulverbeschichtetem Stahl mit wei\u00dfen Relief-Buchstaben und [&hellip;]<\/p>\n","protected":false},"featured_media":784,"template":"","meta":{"_acf_changed":false},"product_brand":[],"product_cat":[39],"product_tag":[],"class_list":{"0":"post-286","1":"product","2":"type-product","3":"status-publish","4":"has-post-thumbnail","6":"product_cat-kitchen","8":"first","9":"instock","10":"taxable","11":"shipping-taxable","12":"purchasable","13":"product-type-variable"},"acf":[],"_links":{"self":[{"href":"https:\/\/aurolla.pmdev.hu\/de\/wp-json\/wp\/v2\/product\/286","targetHints":{"allow":["GET"]}}],"collection":[{"href":"https:\/\/aurolla.pmdev.hu\/de\/wp-json\/wp\/v2\/product"}],"about":[{"href":"https:\/\/aurolla.pmdev.hu\/de\/wp-json\/wp\/v2\/types\/product"}],"wp:featuredmedia":[{"embeddable":true,"href":"https:\/\/aurolla.pmdev.hu\/de\/wp-json\/wp\/v2\/media\/784"}],"wp:attachment":[{"href":"https:\/\/aurolla.pmdev.hu\/de\/wp-json\/wp\/v2\/media?parent=286"}],"wp:term":[{"taxonomy":"product_brand","embeddable":true,"href":"https:\/\/aurolla.pmdev.hu\/de\/wp-json\/wp\/v2\/product_brand?post=286"},{"taxonomy":"product_cat","embeddable":true,"href":"https:\/\/aurolla.pmdev.hu\/de\/wp-json\/wp\/v2\/product_cat?post=286"},{"taxonomy":"product_tag","embeddable":true,"href":"https:\/\/aurolla.pmdev.hu\/de\/wp-json\/wp\/v2\/product_tag?post=286"}],"curies":[{"name":"wp","href":"https:\/\/api.w.org\/{rel}","templated":true}]}}