{"id":311,"date":"2025-08-27T09:22:10","date_gmt":"2025-08-27T07:22:10","guid":{"rendered":"https:\/\/aurolla.pmdev.hu\/?post_type=product&#038;p=311"},"modified":"2025-09-04T14:48:43","modified_gmt":"2025-09-04T12:48:43","slug":"garter","status":"publish","type":"product","link":"https:\/\/aurolla.pmdev.hu\/de\/termek\/garter\/","title":{"rendered":"Garter oak"},"content":{"rendered":"<p><\/p>\n<p data-start=\"288\" data-end=\"328\"><strong data-start=\"288\" data-end=\"326\">Snake Garter Oak Wandregal (81 cm)<\/strong><\/p>\n<p data-start=\"330\" data-end=\"450\">Minimalistisches Aluminiumregal mit R\u00fcckwand aus echtem, geriffeltem Eichenfurnier \u2013 robust, zeitlos und handveredelt.<\/p>\n<p data-start=\"452\" data-end=\"552\">Besonders praktisch: die <strong data-start=\"477\" data-end=\"502\">erh\u00f6hte dritte Ablage<\/strong> bietet zus\u00e4tzlichen Platz f\u00fcr B\u00fccher oder Deko.<\/p>\n<p data-start=\"554\" data-end=\"597\">Optional mit <strong data-start=\"567\" data-end=\"594\">U-f\u00f6rmigem B\u00fccherhalter<\/strong>.<\/p>\n<p data-start=\"599\" data-end=\"672\">Kombinierbar mit anderen <strong data-start=\"624\" data-end=\"641\">Snake Regalen<\/strong> in vielen Farben und Gr\u00f6\u00dfen.<\/p>\n<p data-start=\"674\" data-end=\"771\">Einfache Wandmontage dank <strong data-start=\"700\" data-end=\"722\">Bajonettverschluss<\/strong>, inklusive D\u00fcbel, Schrauben und Bohrschablone.<\/p>\n<p><\/p>","protected":false},"excerpt":{"rendered":"<p>Snake Garter Oak Wandregal (81 cm) Minimalistisches Aluminiumregal mit R\u00fcckwand aus echtem, geriffeltem Eichenfurnier \u2013 robust, zeitlos und handveredelt. Besonders praktisch: die erh\u00f6hte dritte Ablage bietet zus\u00e4tzlichen Platz f\u00fcr B\u00fccher oder Deko. Optional mit U-f\u00f6rmigem B\u00fccherhalter. Kombinierbar mit anderen Snake Regalen in vielen Farben und Gr\u00f6\u00dfen. Einfache Wandmontage dank Bajonettverschluss, inklusive D\u00fcbel, Schrauben und Bohrschablone.<\/p>\n","protected":false},"featured_media":323,"template":"","meta":{"_acf_changed":false},"product_brand":[],"product_cat":[43],"product_tag":[],"class_list":{"0":"post-311","1":"product","2":"type-product","3":"status-publish","4":"has-post-thumbnail","6":"product_cat-snake","8":"first","9":"instock","10":"taxable","11":"shipping-taxable","12":"purchasable","13":"product-type-variable"},"acf":[],"_links":{"self":[{"href":"https:\/\/aurolla.pmdev.hu\/de\/wp-json\/wp\/v2\/product\/311","targetHints":{"allow":["GET"]}}],"collection":[{"href":"https:\/\/aurolla.pmdev.hu\/de\/wp-json\/wp\/v2\/product"}],"about":[{"href":"https:\/\/aurolla.pmdev.hu\/de\/wp-json\/wp\/v2\/types\/product"}],"wp:featuredmedia":[{"embeddable":true,"href":"https:\/\/aurolla.pmdev.hu\/de\/wp-json\/wp\/v2\/media\/323"}],"wp:attachment":[{"href":"https:\/\/aurolla.pmdev.hu\/de\/wp-json\/wp\/v2\/media?parent=311"}],"wp:term":[{"taxonomy":"product_brand","embeddable":true,"href":"https:\/\/aurolla.pmdev.hu\/de\/wp-json\/wp\/v2\/product_brand?post=311"},{"taxonomy":"product_cat","embeddable":true,"href":"https:\/\/aurolla.pmdev.hu\/de\/wp-json\/wp\/v2\/product_cat?post=311"},{"taxonomy":"product_tag","embeddable":true,"href":"https:\/\/aurolla.pmdev.hu\/de\/wp-json\/wp\/v2\/product_tag?post=311"}],"curies":[{"name":"wp","href":"https:\/\/api.w.org\/{rel}","templated":true}]}}