{"id":348,"date":"2025-08-27T13:20:20","date_gmt":"2025-08-27T11:20:20","guid":{"rendered":"https:\/\/aurolla.pmdev.hu\/?post_type=product&#038;p=348"},"modified":"2025-09-04T14:43:35","modified_gmt":"2025-09-04T12:43:35","slug":"snake-python-oak","status":"publish","type":"product","link":"https:\/\/aurolla.pmdev.hu\/de\/termek\/snake-python-oak\/","title":{"rendered":"Snake Python oak"},"content":{"rendered":"<p><\/p>\n<p data-start=\"282\" data-end=\"322\"><strong data-start=\"282\" data-end=\"320\">Snake Python Oak Wandregal (40 cm)<\/strong><\/p>\n<p data-start=\"324\" data-end=\"444\">Minimalistisches Aluminiumregal mit R\u00fcckwand aus echtem, geriffeltem Eichenfurnier \u2013 robust, zeitlos und handveredelt.<\/p>\n<p data-start=\"446\" data-end=\"547\">Einzeln oder mit anderen <strong data-start=\"471\" data-end=\"488\">Snake Regalen<\/strong> kombinierbar \u2013 in zahlreichen Farben, Formen und Gr\u00f6\u00dfen.<\/p>\n<p data-start=\"549\" data-end=\"646\">Einfache Wandmontage dank <strong data-start=\"575\" data-end=\"597\">Bajonettverschluss<\/strong>, inklusive D\u00fcbel, Schrauben und Bohrschablone.<\/p>\n<p data-start=\"648\" data-end=\"668\"><strong data-start=\"648\" data-end=\"666\">Produktdetails<\/strong><\/p>\n<ul data-start=\"669\" data-end=\"822\">\n<li data-start=\"669\" data-end=\"686\">\n<p data-start=\"671\" data-end=\"686\">Breite: 40 cm<\/p>\n<\/li>\n<li data-start=\"687\" data-end=\"725\">\n<p data-start=\"689\" data-end=\"725\">Material: Aluminium, Eichenfurnier<\/p>\n<\/li>\n<li data-start=\"726\" data-end=\"762\">\n<p data-start=\"728\" data-end=\"762\">Farben: zahlreiche Farbvarianten<\/p>\n<\/li>\n<li data-start=\"763\" data-end=\"822\">\n<p data-start=\"765\" data-end=\"822\">Montage: inklusive Befestigungsmaterial &amp; Bohrschablone<\/p>\n<\/li>\n<\/ul>\n<p><\/p>","protected":false},"excerpt":{"rendered":"<p>Snake Python Oak Wandregal (40 cm) Minimalistisches Aluminiumregal mit R\u00fcckwand aus echtem, geriffeltem Eichenfurnier \u2013 robust, zeitlos und handveredelt. Einzeln oder mit anderen Snake Regalen kombinierbar \u2013 in zahlreichen Farben, Formen und Gr\u00f6\u00dfen. Einfache Wandmontage dank Bajonettverschluss, inklusive D\u00fcbel, Schrauben und Bohrschablone. Produktdetails Breite: 40 cm Material: Aluminium, Eichenfurnier Farben: zahlreiche Farbvarianten Montage: inklusive Befestigungsmaterial [&hellip;]<\/p>\n","protected":false},"featured_media":360,"template":"","meta":{"_acf_changed":false},"product_brand":[],"product_cat":[43],"product_tag":[],"class_list":{"0":"post-348","1":"product","2":"type-product","3":"status-publish","4":"has-post-thumbnail","6":"product_cat-snake","8":"first","9":"instock","10":"taxable","11":"shipping-taxable","12":"purchasable","13":"product-type-variable"},"acf":[],"_links":{"self":[{"href":"https:\/\/aurolla.pmdev.hu\/de\/wp-json\/wp\/v2\/product\/348","targetHints":{"allow":["GET"]}}],"collection":[{"href":"https:\/\/aurolla.pmdev.hu\/de\/wp-json\/wp\/v2\/product"}],"about":[{"href":"https:\/\/aurolla.pmdev.hu\/de\/wp-json\/wp\/v2\/types\/product"}],"wp:featuredmedia":[{"embeddable":true,"href":"https:\/\/aurolla.pmdev.hu\/de\/wp-json\/wp\/v2\/media\/360"}],"wp:attachment":[{"href":"https:\/\/aurolla.pmdev.hu\/de\/wp-json\/wp\/v2\/media?parent=348"}],"wp:term":[{"taxonomy":"product_brand","embeddable":true,"href":"https:\/\/aurolla.pmdev.hu\/de\/wp-json\/wp\/v2\/product_brand?post=348"},{"taxonomy":"product_cat","embeddable":true,"href":"https:\/\/aurolla.pmdev.hu\/de\/wp-json\/wp\/v2\/product_cat?post=348"},{"taxonomy":"product_tag","embeddable":true,"href":"https:\/\/aurolla.pmdev.hu\/de\/wp-json\/wp\/v2\/product_tag?post=348"}],"curies":[{"name":"wp","href":"https:\/\/api.w.org\/{rel}","templated":true}]}}