{"id":389,"date":"2025-08-27T13:47:31","date_gmt":"2025-08-27T11:47:31","guid":{"rendered":"https:\/\/aurolla.pmdev.hu\/?post_type=product&#038;p=389"},"modified":"2025-09-04T14:19:32","modified_gmt":"2025-09-04T12:19:32","slug":"tv-mobel","status":"publish","type":"product","link":"https:\/\/aurolla.pmdev.hu\/de\/termek\/tv-mobel\/","title":{"rendered":"TV-M\u00f6bel"},"content":{"rendered":"<p><\/p>\n<p data-start=\"232\" data-end=\"277\"><strong data-start=\"232\" data-end=\"275\">Snake TV-M\u00f6bel<\/strong><\/p>\n<p data-start=\"279\" data-end=\"423\">Stilvolles TV-M\u00f6bel aus Aluminium f\u00fcr Boden- oder Wandmontage.<br data-start=\"341\" data-end=\"344\" \/>Geeignet f\u00fcr Gro\u00dfbildfernseher bis <strong data-start=\"379\" data-end=\"386\">65&#8243;<\/strong>, mit integriertem Kabelmanagement.<\/p>\n<p data-start=\"425\" data-end=\"582\">Leichtgewicht von nur <strong data-start=\"447\" data-end=\"456\">21 kg<\/strong>, erh\u00e4ltlich in <strong data-start=\"472\" data-end=\"519\">11 sorgf\u00e4ltig ausgew\u00e4hlten Lifestyle-Farben<\/strong>.<br data-start=\"520\" data-end=\"523\" \/>Geriffelte Eichenfurnier-Paneele setzen elegante Akzente.<\/p>\n<p data-start=\"584\" data-end=\"671\">Individuell kombinierbar mit den <strong data-start=\"617\" data-end=\"638\">Snake Wandregalen<\/strong> f\u00fcr ein pers\u00f6nliches Ambiente.<\/p>\n<p><\/p>","protected":false},"excerpt":{"rendered":"<p>Snake TV-M\u00f6bel Stilvolles TV-M\u00f6bel aus Aluminium f\u00fcr Boden- oder Wandmontage.Geeignet f\u00fcr Gro\u00dfbildfernseher bis 65&#8243;, mit integriertem Kabelmanagement. Leichtgewicht von nur 21 kg, erh\u00e4ltlich in 11 sorgf\u00e4ltig ausgew\u00e4hlten Lifestyle-Farben.Geriffelte Eichenfurnier-Paneele setzen elegante Akzente. Individuell kombinierbar mit den Snake Wandregalen f\u00fcr ein pers\u00f6nliches Ambiente.<\/p>\n","protected":false},"featured_media":783,"template":"","meta":{"_acf_changed":false},"product_brand":[],"product_cat":[43],"product_tag":[],"class_list":{"0":"post-389","1":"product","2":"type-product","3":"status-publish","4":"has-post-thumbnail","6":"product_cat-snake","8":"first","9":"instock","10":"taxable","11":"shipping-taxable","12":"purchasable","13":"product-type-variable"},"acf":[],"_links":{"self":[{"href":"https:\/\/aurolla.pmdev.hu\/de\/wp-json\/wp\/v2\/product\/389","targetHints":{"allow":["GET"]}}],"collection":[{"href":"https:\/\/aurolla.pmdev.hu\/de\/wp-json\/wp\/v2\/product"}],"about":[{"href":"https:\/\/aurolla.pmdev.hu\/de\/wp-json\/wp\/v2\/types\/product"}],"wp:featuredmedia":[{"embeddable":true,"href":"https:\/\/aurolla.pmdev.hu\/de\/wp-json\/wp\/v2\/media\/783"}],"wp:attachment":[{"href":"https:\/\/aurolla.pmdev.hu\/de\/wp-json\/wp\/v2\/media?parent=389"}],"wp:term":[{"taxonomy":"product_brand","embeddable":true,"href":"https:\/\/aurolla.pmdev.hu\/de\/wp-json\/wp\/v2\/product_brand?post=389"},{"taxonomy":"product_cat","embeddable":true,"href":"https:\/\/aurolla.pmdev.hu\/de\/wp-json\/wp\/v2\/product_cat?post=389"},{"taxonomy":"product_tag","embeddable":true,"href":"https:\/\/aurolla.pmdev.hu\/de\/wp-json\/wp\/v2\/product_tag?post=389"}],"curies":[{"name":"wp","href":"https:\/\/api.w.org\/{rel}","templated":true}]}}