{"id":480,"date":"2025-08-27T14:09:59","date_gmt":"2025-08-27T12:09:59","guid":{"rendered":"https:\/\/aurolla.pmdev.hu\/?post_type=product&#038;p=480"},"modified":"2025-09-10T23:27:04","modified_gmt":"2025-09-10T21:27:04","slug":"quadry-quattro-comparti","status":"publish","type":"product","link":"https:\/\/aurolla.pmdev.hu\/de\/termek\/quadry-quattro-comparti\/","title":{"rendered":"Quadry Quattro comparti"},"content":{"rendered":"<p><strong>Quadry Kollektion<\/strong><\/p>\n<p>Seit Kindheitstagen faszinieren uns Quadrate: zuerst als Baukl\u00f6tze, sp\u00e4ter als Tetris auf dem Bildschirm. Auch im Bauhaus-Stil spielt das Quadrat eine zentrale Rolle, als Symbol f\u00fcr Schlichtheit und Funktionalit\u00e4t. Diese Mischung aus Spiel und zeitlosem Design findet sich in der Quadry-Kollektion wieder. Das System besteht aus Metall-Wandtafeln in acht Grundformen, erh\u00e4ltlich in elf Farben. Bei der Bestellung w\u00e4hlst du zuerst dein bevorzugtes Basiselement, danach kannst du Zubeh\u00f6r hinzuf\u00fcgen: Keyrack f\u00fcr Schl\u00fcssel, Spicerack f\u00fcr Flaschen und Dosen, Plantbox f\u00fcr Pflanzen und Bonsai, Bookend zum Aufstellen von B\u00fcchern oder Board f\u00fcr Magnete und Fotos. So erh\u00e4lt jedes Element seine eigene Funktion und seinen Charakter: als B\u00fccherregal, Gew\u00fcrzregal, Garderobe, Schuhregal oder sogar als Beistell- und Couchtisch.<\/p>\n<p>Die Montage ist einfach und sicher. Jede Quadry wird mit einer Bohrschablone, D\u00fcbeln und Schrauben geliefert. Die Schablone zeigt genau, wo du f\u00fcr die gew\u00e4hlte Position bohren musst, und dank der Bajonettverschl\u00fcsse sitzt das Wandregal stabil und gerade an der Wand.<\/p>","protected":false},"excerpt":{"rendered":"<p>Quadry Kollektion Seit Kindheitstagen faszinieren uns Quadrate: zuerst als Baukl\u00f6tze, sp\u00e4ter als Tetris auf dem Bildschirm. Auch im Bauhaus-Stil spielt das Quadrat eine zentrale Rolle, als Symbol f\u00fcr Schlichtheit und Funktionalit\u00e4t. Diese Mischung aus Spiel und zeitlosem Design findet sich in der Quadry-Kollektion wieder. Das System besteht aus Metall-Wandtafeln in acht Grundformen, erh\u00e4ltlich in elf [&hellip;]<\/p>\n","protected":false},"featured_media":522,"template":"","meta":{"_acf_changed":false},"product_brand":[],"product_cat":[41],"product_tag":[],"class_list":{"0":"post-480","1":"product","2":"type-product","3":"status-publish","4":"has-post-thumbnail","6":"product_cat-quadry","8":"first","9":"instock","10":"taxable","11":"shipping-taxable","12":"purchasable","13":"product-type-variable"},"acf":[],"_links":{"self":[{"href":"https:\/\/aurolla.pmdev.hu\/de\/wp-json\/wp\/v2\/product\/480","targetHints":{"allow":["GET"]}}],"collection":[{"href":"https:\/\/aurolla.pmdev.hu\/de\/wp-json\/wp\/v2\/product"}],"about":[{"href":"https:\/\/aurolla.pmdev.hu\/de\/wp-json\/wp\/v2\/types\/product"}],"wp:featuredmedia":[{"embeddable":true,"href":"https:\/\/aurolla.pmdev.hu\/de\/wp-json\/wp\/v2\/media\/522"}],"wp:attachment":[{"href":"https:\/\/aurolla.pmdev.hu\/de\/wp-json\/wp\/v2\/media?parent=480"}],"wp:term":[{"taxonomy":"product_brand","embeddable":true,"href":"https:\/\/aurolla.pmdev.hu\/de\/wp-json\/wp\/v2\/product_brand?post=480"},{"taxonomy":"product_cat","embeddable":true,"href":"https:\/\/aurolla.pmdev.hu\/de\/wp-json\/wp\/v2\/product_cat?post=480"},{"taxonomy":"product_tag","embeddable":true,"href":"https:\/\/aurolla.pmdev.hu\/de\/wp-json\/wp\/v2\/product_tag?post=480"}],"curies":[{"name":"wp","href":"https:\/\/api.w.org\/{rel}","templated":true}]}}