{"id":644,"date":"2025-08-27T15:43:17","date_gmt":"2025-08-27T13:43:17","guid":{"rendered":"https:\/\/aurolla.pmdev.hu\/?post_type=product&#038;p=644"},"modified":"2025-11-07T07:20:11","modified_gmt":"2025-11-07T06:20:11","slug":"edgey-polc-105","status":"publish","type":"product","link":"https:\/\/aurolla.pmdev.hu\/de\/termek\/edgey-regall-105\/","title":{"rendered":"Edgey Regall 105"},"content":{"rendered":"<p><\/p>\n<h3 data-start=\"271\" data-end=\"296\">Edgey Wandboard 105<\/h3>\n<p data-start=\"297\" data-end=\"490\">Auf den ersten Blick ist es ein schlichtes Wandregal \u2013 bei n\u00e4herem Hinsehen verleiht die Aussparung in der R\u00fcckwand dem Design eine luftige Leichtigkeit und einen unverwechselbaren Charakter.<\/p>\n<p data-start=\"492\" data-end=\"729\">Gefertigt aus hochwertigem Stahlblech, mit R\u00fcckwand samt Bajonettverschluss f\u00fcr einfache und stabile Wandmontage, erscheint das Regal zugleich puristisch und raffiniert. Die pr\u00e4zise ausgeschnittene Fl\u00e4che setzt einen grafischen Akzent.<\/p>\n<p data-start=\"731\" data-end=\"1017\">Die Oberfl\u00e4che ist pulverbeschichtet und in <strong data-start=\"775\" data-end=\"788\">11 Farben<\/strong> erh\u00e4ltlich. Als Teil der <strong data-start=\"814\" data-end=\"834\">Edgey-Kollektion<\/strong> l\u00e4sst es sich beliebig mit weiteren Edgey Wandboards oder dem <strong data-start=\"897\" data-end=\"917\">Edgey Wandkastje<\/strong> \u2013 einem geschlossenen Regalelement \u2013 kombinieren, um individuelle Wandkompositionen zu gestalten.<\/p>\n<p data-start=\"1019\" data-end=\"1078\">\ud83d\udc49 Sehen Sie sich unbedingt die gesamte Edgey-Familie an!<\/p>\n<p><\/p>","protected":false},"excerpt":{"rendered":"<p>Edgey Wandboard 105 Auf den ersten Blick ist es ein schlichtes Wandregal \u2013 bei n\u00e4herem Hinsehen verleiht die Aussparung in der R\u00fcckwand dem Design eine luftige Leichtigkeit und einen unverwechselbaren Charakter. Gefertigt aus hochwertigem Stahlblech, mit R\u00fcckwand samt Bajonettverschluss f\u00fcr einfache und stabile Wandmontage, erscheint das Regal zugleich puristisch und raffiniert. Die pr\u00e4zise ausgeschnittene Fl\u00e4che [&hellip;]<\/p>\n","protected":false},"featured_media":772,"template":"","meta":{"_acf_changed":false},"product_brand":[],"product_cat":[23],"product_tag":[],"class_list":{"0":"post-644","1":"product","2":"type-product","3":"status-publish","4":"has-post-thumbnail","6":"product_cat-tables","8":"first","9":"instock","10":"taxable","11":"shipping-taxable","12":"purchasable","13":"product-type-variable"},"acf":[],"_links":{"self":[{"href":"https:\/\/aurolla.pmdev.hu\/de\/wp-json\/wp\/v2\/product\/644","targetHints":{"allow":["GET"]}}],"collection":[{"href":"https:\/\/aurolla.pmdev.hu\/de\/wp-json\/wp\/v2\/product"}],"about":[{"href":"https:\/\/aurolla.pmdev.hu\/de\/wp-json\/wp\/v2\/types\/product"}],"wp:featuredmedia":[{"embeddable":true,"href":"https:\/\/aurolla.pmdev.hu\/de\/wp-json\/wp\/v2\/media\/772"}],"wp:attachment":[{"href":"https:\/\/aurolla.pmdev.hu\/de\/wp-json\/wp\/v2\/media?parent=644"}],"wp:term":[{"taxonomy":"product_brand","embeddable":true,"href":"https:\/\/aurolla.pmdev.hu\/de\/wp-json\/wp\/v2\/product_brand?post=644"},{"taxonomy":"product_cat","embeddable":true,"href":"https:\/\/aurolla.pmdev.hu\/de\/wp-json\/wp\/v2\/product_cat?post=644"},{"taxonomy":"product_tag","embeddable":true,"href":"https:\/\/aurolla.pmdev.hu\/de\/wp-json\/wp\/v2\/product_tag?post=644"}],"curies":[{"name":"wp","href":"https:\/\/api.w.org\/{rel}","templated":true}]}}