{"id":668,"date":"2025-08-27T15:44:03","date_gmt":"2025-08-27T13:44:03","guid":{"rendered":"https:\/\/aurolla.pmdev.hu\/?post_type=product&#038;p=668"},"modified":"2025-11-07T07:14:45","modified_gmt":"2025-11-07T06:14:45","slug":"edgey-regall-45","status":"publish","type":"product","link":"https:\/\/aurolla.pmdev.hu\/de\/termek\/edgey-regall-45\/","title":{"rendered":"Edgey Regall 45"},"content":{"rendered":"<p><strong>Edgey Wandboard 45 \/ 75<\/strong><\/p>\n<p><strong>Puristisch und funktional<\/strong><br \/>\nSchlicht in der Form und vielseitig im Einsatz \u2013 das Edgey Wandboard \u00fcberzeugt durch klare Linien, hochwertiges Stahlblech und pr\u00e4zise Verarbeitung. Die R\u00fcckwand ist mit einem <strong>Bayonettverschluss<\/strong> ausgestattet, der eine einfache und stabile Wandmontage erm\u00f6glicht. Die Oberfl\u00e4che ist <strong>pulverbeschichtet<\/strong> und in <strong>11 Farben<\/strong> erh\u00e4ltlich.<\/p>\n<p><strong>Technische Daten<\/strong><\/p>\n<ul>\n<li>Ausf\u00fchrungen: 45 cm und 75 cm Breite<\/li>\n<li>H\u00f6he\/Tiefe: <em>noch auszuf\u00fcllen<\/em><\/li>\n<li>Gewicht: <em>noch auszuf\u00fcllen<\/em><\/li>\n<li>Tragkraft: <em>noch auszuf\u00fcllen<\/em><\/li>\n<li>Schrauben, D\u00fcbel und Bohrschablone im Lieferumfang enthalten<\/li>\n<\/ul>\n<p>Teil der <strong>Edgey-Kollektion<\/strong> \u2013 kombinierbar mit weiteren Edgey Wandboards und dem <strong>Edgey Wandkastje<\/strong> (geschlossenes Regalelement) f\u00fcr individuelle Wandkompositionen. <strong>Sehen Sie sich deshalb die gesamte Edgey-Familie an!<\/strong><\/p>","protected":false},"excerpt":{"rendered":"<p>Edgey Wandboard 45 \/ 75 Puristisch und funktional Schlicht in der Form und vielseitig im Einsatz \u2013 das Edgey Wandboard \u00fcberzeugt durch klare Linien, hochwertiges Stahlblech und pr\u00e4zise Verarbeitung. Die R\u00fcckwand ist mit einem Bayonettverschluss ausgestattet, der eine einfache und stabile Wandmontage erm\u00f6glicht. Die Oberfl\u00e4che ist pulverbeschichtet und in 11 Farben erh\u00e4ltlich. Technische Daten Ausf\u00fchrungen: [&hellip;]<\/p>\n","protected":false},"featured_media":771,"template":"","meta":{"_acf_changed":false},"product_brand":[],"product_cat":[23],"product_tag":[],"class_list":{"0":"post-668","1":"product","2":"type-product","3":"status-publish","4":"has-post-thumbnail","6":"product_cat-tables","8":"first","9":"instock","10":"taxable","11":"shipping-taxable","12":"purchasable","13":"product-type-variable"},"acf":[],"_links":{"self":[{"href":"https:\/\/aurolla.pmdev.hu\/de\/wp-json\/wp\/v2\/product\/668","targetHints":{"allow":["GET"]}}],"collection":[{"href":"https:\/\/aurolla.pmdev.hu\/de\/wp-json\/wp\/v2\/product"}],"about":[{"href":"https:\/\/aurolla.pmdev.hu\/de\/wp-json\/wp\/v2\/types\/product"}],"wp:featuredmedia":[{"embeddable":true,"href":"https:\/\/aurolla.pmdev.hu\/de\/wp-json\/wp\/v2\/media\/771"}],"wp:attachment":[{"href":"https:\/\/aurolla.pmdev.hu\/de\/wp-json\/wp\/v2\/media?parent=668"}],"wp:term":[{"taxonomy":"product_brand","embeddable":true,"href":"https:\/\/aurolla.pmdev.hu\/de\/wp-json\/wp\/v2\/product_brand?post=668"},{"taxonomy":"product_cat","embeddable":true,"href":"https:\/\/aurolla.pmdev.hu\/de\/wp-json\/wp\/v2\/product_cat?post=668"},{"taxonomy":"product_tag","embeddable":true,"href":"https:\/\/aurolla.pmdev.hu\/de\/wp-json\/wp\/v2\/product_tag?post=668"}],"curies":[{"name":"wp","href":"https:\/\/api.w.org\/{rel}","templated":true}]}}